{"id":3237,"date":"2020-05-24T16:50:58","date_gmt":"2020-05-24T14:50:58","guid":{"rendered":"https:\/\/trockendock.one\/142\/?page_id=3237"},"modified":"2023-11-26T14:48:46","modified_gmt":"2023-11-26T13:48:46","slug":"impressum","status":"publish","type":"page","link":"https:\/\/www.cdu-fraktion-hamburg-mitte.de\/cms\/impressum\/","title":{"rendered":"Impressum"},"content":{"rendered":"\t\t<div data-elementor-type=\"wp-post\" data-elementor-id=\"3237\" class=\"elementor elementor-3237\" data-elementor-post-type=\"page\">\n\t\t\t\t\t\t<section class=\"elementor-section elementor-top-section elementor-element elementor-element-573d717d elementor-section-boxed elementor-section-height-default elementor-section-height-default\" data-id=\"573d717d\" data-element_type=\"section\" data-e-type=\"section\" data-settings=\"{&quot;background_background&quot;:&quot;classic&quot;}\">\n\t\t\t\t\t\t<div class=\"elementor-container elementor-column-gap-default\">\n\t\t\t\t\t<div class=\"elementor-column elementor-col-100 elementor-top-column elementor-element elementor-element-1d0d1d01 sc_layouts_column_icons_position_left\" data-id=\"1d0d1d01\" data-element_type=\"column\" data-e-type=\"column\">\n\t\t\t<div class=\"elementor-widget-wrap elementor-element-populated\">\n\t\t\t\t\t\t<div class=\"elementor-element elementor-element-639595fc sc_fly_static elementor-widget elementor-widget-text-editor\" data-id=\"639595fc\" data-element_type=\"widget\" data-e-type=\"widget\" data-widget_type=\"text-editor.default\">\n\t\t\t\t<div class=\"elementor-widget-container\">\n\t\t\t\t\t\t\t\t\t<h5>F\u00fcr diese Website verantwortlicher Herausgeber:<\/h5><p>CDU-Bezirksfraktion Hamburg-Mitte<br \/>Plan 6<br \/>20095 Hamburg<\/p><p>vertreten durch Herrn Dr. Gunther B\u00f6ttcher.<\/p><p>Inhaltlich Verantwortlicher gem\u00e4\u00df \u00a7 6 MDStV ist<br \/>Herr Dr. Gunther B\u00f6ttcher.<\/p><p>Sie erreichen uns wie folgt:<br \/>Telefon: 040 \/ 326 352<br \/>Telefax: 040 \/ 326 442<br \/>E-Mail: <a href=\"info@cdu-fraktion-hamburg-mitte.de\">info@cdu-fraktion-hamburg-mitte.de<\/a><\/p>\t\t\t\t\t\t\t\t<\/div>\n\t\t\t\t<\/div>\n\t\t\t\t<div class=\"elementor-element elementor-element-25b65d0a sc_fly_static elementor-widget elementor-widget-spacer\" data-id=\"25b65d0a\" data-element_type=\"widget\" data-e-type=\"widget\" data-widget_type=\"spacer.default\">\n\t\t\t\t<div class=\"elementor-widget-container\">\n\t\t\t\t\t\t\t<div class=\"elementor-spacer\">\n\t\t\t<div class=\"elementor-spacer-inner\"><\/div>\n\t\t<\/div>\n\t\t\t\t\t\t<\/div>\n\t\t\t\t<\/div>\n\t\t\t\t\t<\/div>\n\t\t<\/div>\n\t\t\t\t\t<\/div>\n\t\t<\/section>\n\t\t\t\t<section class=\"elementor-section elementor-top-section elementor-element elementor-element-48475c68 elementor-section-boxed elementor-section-height-default elementor-section-height-default\" data-id=\"48475c68\" data-element_type=\"section\" data-e-type=\"section\">\n\t\t\t\t\t\t<div class=\"elementor-container elementor-column-gap-extended\">\n\t\t\t\t\t<div class=\"elementor-column elementor-col-100 elementor-top-column elementor-element elementor-element-704f5549 sc_layouts_column_icons_position_left\" data-id=\"704f5549\" data-element_type=\"column\" data-e-type=\"column\">\n\t\t\t<div class=\"elementor-widget-wrap elementor-element-populated\">\n\t\t\t\t\t\t<div class=\"elementor-element elementor-element-4198c57 sc_fly_static elementor-widget elementor-widget-spacer\" data-id=\"4198c57\" data-element_type=\"widget\" data-e-type=\"widget\" data-widget_type=\"spacer.default\">\n\t\t\t\t<div class=\"elementor-widget-container\">\n\t\t\t\t\t\t\t<div class=\"elementor-spacer\">\n\t\t\t<div class=\"elementor-spacer-inner\"><\/div>\n\t\t<\/div>\n\t\t\t\t\t\t<\/div>\n\t\t\t\t<\/div>\n\t\t\t\t\t<\/div>\n\t\t<\/div>\n\t\t\t\t\t<\/div>\n\t\t<\/section>\n\t\t\t\t<section class=\"elementor-section elementor-top-section elementor-element elementor-element-3e9caab6 elementor-section-boxed elementor-section-height-default elementor-section-height-default\" data-id=\"3e9caab6\" data-element_type=\"section\" data-e-type=\"section\" data-settings=\"{&quot;background_background&quot;:&quot;classic&quot;}\">\n\t\t\t\t\t\t<div class=\"elementor-container elementor-column-gap-extended\">\n\t\t\t\t\t<div class=\"elementor-column elementor-col-100 elementor-top-column elementor-element elementor-element-3382644 sc_layouts_column_icons_position_left\" data-id=\"3382644\" data-element_type=\"column\" data-e-type=\"column\">\n\t\t\t<div class=\"elementor-widget-wrap elementor-element-populated\">\n\t\t\t\t\t\t<div class=\"elementor-element elementor-element-29e6fc9b sc_fly_static elementor-widget elementor-widget-text-editor\" data-id=\"29e6fc9b\" data-element_type=\"widget\" data-e-type=\"widget\" data-widget_type=\"text-editor.default\">\n\t\t\t\t<div class=\"elementor-widget-container\">\n\t\t\t\t\t\t\t\t\t<h5>Angaben laut deutschem Teledienstgesetz<\/h5><p><span style=\"font-family: inter-bold;\">Rechtshinweise \/ Haftungsausschluss \/ Nutzungsbedingungen<\/span><br \/>Diese Internet\u2013Pr\u00e4senz wurde sorgf\u00e4ltig erarbeitet. Dennoch: Der Herausgeber \u00fcbernimmt f\u00fcr eventuelle Nachteile oder Sch\u00e4den, die aus den aufgef\u00fchrten Informationen, Empfehlungen oder Hinweisen resultieren, keine Haftung.<\/p><p>Der Inhalt dieser Homepage ist ausschlie\u00dflich zu Informationszwecken bestimmt. Die Informationen stellen in keiner Weise einen Ersatz f\u00fcr professionelle Beratung durch Fachleute dar. F\u00fcr Sch\u00e4den oder Unannehmlichkeiten, die durch den Gebrauch oder Missbrauch dieser Informationen entstehen, kann der Herausgeber nicht \u2014 weder direkt noch indirekt \u2014 zur Verantwortung gezogen werden. Der Herausgeber \u00fcbernimmt keine Gew\u00e4hr f\u00fcr die Aktualit\u00e4t, Richtigkeit und Vollst\u00e4ndigkeit der bereitgestellten Informationen auf seiner Internet\u2013Pr\u00e4senz.<br \/>Die Haftung des Herausgebers f\u00fcr die Inhalte und Nutzung der Homepage beschr\u00e4nkt sich auf Vorsatz und grob fahrl\u00e4ssiges Verhalten. Die Autoren haften auch nicht f\u00fcr unbefugte Ver\u00e4nderungen durch Dritte (z.B. Hackangriffe etc.). Bei den angelinkten externen Seiten handelt es sich ausschlie\u00dflich um fremde, dem Herausgeber nicht zug\u00e4ngliche Inhalte.<\/p><p>Der Herausgeber \u00fcbernimmt keine Verantwortung f\u00fcr den Inhalt der angelinkten Seiten. Es hat lediglich eine \u00dcberpr\u00fcfung der verlinkten Seiten zum Zeitpunkt der Linksetzung stattgefunden, bei der keine Anhaltspunkte f\u00fcr illegale Inhalte entdeckt wurden. Soweit Regelungen und Gesetze wiedergegeben werden, ist allein die amtliche Bekanntmachung ma\u00dfgeblich.<\/p><p>Der Herausgeber ist bestrebt, in allen Publikationen die Urheberrechte der verwendeten Grafiken, Tondokumente, Videosequenzen und Texte zu beachten, von ihnen selbst erstellte Grafiken, Tondokumente, Videosequenzen und Texte zu nutzen oder auf lizenzfreie Grafiken, Tondokumente, Videosequenzen und Texte zur\u00fcckzugreifen.<\/p><p>Das Copyright f\u00fcr ver\u00f6ffentlichte, von den Autoren selbst erstellte Objekte bleibt allein bei dem Herausgeber der Seiten. Eine Vervielf\u00e4ltigung oder Verwendung ist ohne seine ausdr\u00fcckliche Zustimmung nicht gestattet. Sofern innerhalb des Internetangebotes die M\u00f6glichkeit zur Eingabe pers\u00f6nlicher oder gesch\u00e4ftlicher Daten (E\u2013Mail\u2013Adressen, Namen, Anschriften, Telefon- und Faxnummern etc.) besteht, so erfolgt die Preisgabe dieser Daten seitens des Nutzers auf ausdr\u00fccklich freiwilliger Basis.<\/p><p>Der Herausgeber der Internet\u2013Pr\u00e4senz verpflichtet sich im Rahmen des Datenschutzgesetzes zur gr\u00f6\u00dftm\u00f6glichen Verschwiegenheit und wird die Daten nicht unerlaubt weitergeben. Dieser Haftungsausschluss ist als Teil des Internetangebotes zu betrachten, von dem aus auf diese Seite verwiesen wurde.<\/p><p>Sofern Teile oder einzelne Formulierungen dieses Textes der geltenden Rechtslage nicht, nicht mehr oder nicht vollst\u00e4ndig entsprechen sollten, bleiben die \u00fcbrigen Teile des Dokumentes in ihrem Inhalt und ihrer G\u00fcltigkeit davon unber\u00fchrt.<\/p><p><span style=\"font-family: inter-bold;\">Datenschutz<\/span><br \/>Hinweise zum Datenschutz finden Sie unter <a href=\"https:\/\/www.cdu-fraktion-hamburg-mitte.de\/cms\/datenschutzerklarung\/\">cdu-fraktion-hamburg-mitte.de\/datenschutzerklaerung<\/a><\/p><p><span style=\"font-family: inter-bold;\">Bildnachweise<\/span><br \/>Soweit nicht anders angegeben:<br \/>stock.adobe.com<\/p>\t\t\t\t\t\t\t\t<\/div>\n\t\t\t\t<\/div>\n\t\t\t\t<div class=\"elementor-element elementor-element-1238b7e8 sc_fly_static elementor-widget elementor-widget-spacer\" data-id=\"1238b7e8\" data-element_type=\"widget\" data-e-type=\"widget\" data-widget_type=\"spacer.default\">\n\t\t\t\t<div class=\"elementor-widget-container\">\n\t\t\t\t\t\t\t<div class=\"elementor-spacer\">\n\t\t\t<div class=\"elementor-spacer-inner\"><\/div>\n\t\t<\/div>\n\t\t\t\t\t\t<\/div>\n\t\t\t\t<\/div>\n\t\t\t\t\t<\/div>\n\t\t<\/div>\n\t\t\t\t\t<\/div>\n\t\t<\/section>\n\t\t\t\t<section class=\"elementor-section elementor-top-section elementor-element elementor-element-4ca3a86c elementor-section-boxed elementor-section-height-default elementor-section-height-default\" data-id=\"4ca3a86c\" data-element_type=\"section\" data-e-type=\"section\">\n\t\t\t\t\t\t<div class=\"elementor-container elementor-column-gap-extended\">\n\t\t\t\t\t<div class=\"elementor-column elementor-col-100 elementor-top-column elementor-element elementor-element-143a173b sc_layouts_column_icons_position_left\" data-id=\"143a173b\" data-element_type=\"column\" data-e-type=\"column\">\n\t\t\t<div class=\"elementor-widget-wrap elementor-element-populated\">\n\t\t\t\t\t\t<div class=\"elementor-element elementor-element-2c1f5d3e sc_fly_static elementor-widget elementor-widget-spacer\" data-id=\"2c1f5d3e\" data-element_type=\"widget\" data-e-type=\"widget\" data-widget_type=\"spacer.default\">\n\t\t\t\t<div class=\"elementor-widget-container\">\n\t\t\t\t\t\t\t<div class=\"elementor-spacer\">\n\t\t\t<div class=\"elementor-spacer-inner\"><\/div>\n\t\t<\/div>\n\t\t\t\t\t\t<\/div>\n\t\t\t\t<\/div>\n\t\t\t\t\t<\/div>\n\t\t<\/div>\n\t\t\t\t\t<\/div>\n\t\t<\/section>\n\t\t\t\t<\/div>\n\t\t","protected":false},"excerpt":{"rendered":"<p>F\u00fcr diese Website verantwortlicher Herausgeber: CDU-Bezirksfraktion Hamburg-MittePlan 620095 Hamburg vertreten durch Herrn Dr. Gunther B\u00f6ttcher. Inhaltlich Verantwortlicher gem\u00e4\u00df \u00a7 6 MDStV istHerr Dr. Gunther B\u00f6ttcher. Sie erreichen uns wie folgt:Telefon: 040 \/ 326 352Telefax: 040 \/ 326 442E-Mail: info@cdu-fraktion-hamburg-mitte.de Angaben laut deutschem Teledienstgesetz Rechtshinweise \/ Haftungsausschluss \/ NutzungsbedingungenDiese Internet\u2013Pr\u00e4senz wurde&hellip;<\/p>\n","protected":false},"author":1,"featured_media":0,"parent":0,"menu_order":0,"comment_status":"closed","ping_status":"closed","template":"","meta":{"inline_featured_image":false,"footnotes":""},"class_list":["post-3237","page","type-page","status-publish","hentry"],"yoast_head":"<!-- This site is optimized with the Yoast SEO plugin v27.3 - https:\/\/yoast.com\/product\/yoast-seo-wordpress\/ -->\n<title>Impressum &#8226; CDU-Bezirksfraktion Hamburg-Mitte<\/title>\n<meta name=\"robots\" content=\"index, follow, max-snippet:-1, max-image-preview:large, max-video-preview:-1\" \/>\n<link rel=\"canonical\" href=\"https:\/\/www.cdu-fraktion-hamburg-mitte.de\/cms\/impressum\/\" \/>\n<meta property=\"og:locale\" content=\"de_DE\" \/>\n<meta property=\"og:type\" content=\"article\" \/>\n<meta property=\"og:title\" content=\"Impressum &#8226; CDU-Bezirksfraktion Hamburg-Mitte\" \/>\n<meta property=\"og:description\" content=\"F\u00fcr diese Website verantwortlicher Herausgeber: CDU-Bezirksfraktion Hamburg-MittePlan 620095 Hamburg vertreten durch Herrn Dr. Gunther B\u00f6ttcher. Inhaltlich Verantwortlicher gem\u00e4\u00df \u00a7 6 MDStV istHerr Dr. Gunther B\u00f6ttcher. Sie erreichen uns wie folgt:Telefon: 040 \/ 326 352Telefax: 040 \/ 326 442E-Mail: info@cdu-fraktion-hamburg-mitte.de Angaben laut deutschem Teledienstgesetz Rechtshinweise \/ Haftungsausschluss \/ NutzungsbedingungenDiese Internet\u2013Pr\u00e4senz wurde&hellip;\" \/>\n<meta property=\"og:url\" content=\"https:\/\/www.cdu-fraktion-hamburg-mitte.de\/cms\/impressum\/\" \/>\n<meta property=\"og:site_name\" content=\"CDU-Bezirksfraktion Hamburg-Mitte\" \/>\n<meta property=\"article:modified_time\" content=\"2023-11-26T13:48:46+00:00\" \/>\n<meta name=\"twitter:card\" content=\"summary_large_image\" \/>\n<meta name=\"twitter:label1\" content=\"Gesch\u00e4tzte Lesezeit\" \/>\n\t<meta name=\"twitter:data1\" content=\"3\u00a0Minuten\" \/>\n<script type=\"application\/ld+json\" class=\"yoast-schema-graph\">{\"@context\":\"https:\\\/\\\/schema.org\",\"@graph\":[{\"@type\":\"WebPage\",\"@id\":\"https:\\\/\\\/www.cdu-fraktion-hamburg-mitte.de\\\/cms\\\/impressum\\\/\",\"url\":\"https:\\\/\\\/www.cdu-fraktion-hamburg-mitte.de\\\/cms\\\/impressum\\\/\",\"name\":\"Impressum &#8226; CDU-Bezirksfraktion Hamburg-Mitte\",\"isPartOf\":{\"@id\":\"https:\\\/\\\/www.cdu-fraktion-hamburg-mitte.de\\\/cms\\\/#website\"},\"datePublished\":\"2020-05-24T14:50:58+00:00\",\"dateModified\":\"2023-11-26T13:48:46+00:00\",\"breadcrumb\":{\"@id\":\"https:\\\/\\\/www.cdu-fraktion-hamburg-mitte.de\\\/cms\\\/impressum\\\/#breadcrumb\"},\"inLanguage\":\"de\",\"potentialAction\":[{\"@type\":\"ReadAction\",\"target\":[\"https:\\\/\\\/www.cdu-fraktion-hamburg-mitte.de\\\/cms\\\/impressum\\\/\"]}]},{\"@type\":\"BreadcrumbList\",\"@id\":\"https:\\\/\\\/www.cdu-fraktion-hamburg-mitte.de\\\/cms\\\/impressum\\\/#breadcrumb\",\"itemListElement\":[{\"@type\":\"ListItem\",\"position\":1,\"name\":\"Startseite\",\"item\":\"https:\\\/\\\/www.cdu-fraktion-hamburg-mitte.de\\\/cms\\\/\"},{\"@type\":\"ListItem\",\"position\":2,\"name\":\"Impressum\"}]},{\"@type\":\"WebSite\",\"@id\":\"https:\\\/\\\/www.cdu-fraktion-hamburg-mitte.de\\\/cms\\\/#website\",\"url\":\"https:\\\/\\\/www.cdu-fraktion-hamburg-mitte.de\\\/cms\\\/\",\"name\":\"CDU-Bezirksfraktion Hamburg-Mitte\",\"description\":\"Politik in der Bezirksversammlung Hamburg-Mitte\",\"publisher\":{\"@id\":\"https:\\\/\\\/www.cdu-fraktion-hamburg-mitte.de\\\/cms\\\/#organization\"},\"potentialAction\":[{\"@type\":\"SearchAction\",\"target\":{\"@type\":\"EntryPoint\",\"urlTemplate\":\"https:\\\/\\\/www.cdu-fraktion-hamburg-mitte.de\\\/cms\\\/?s={search_term_string}\"},\"query-input\":{\"@type\":\"PropertyValueSpecification\",\"valueRequired\":true,\"valueName\":\"search_term_string\"}}],\"inLanguage\":\"de\"},{\"@type\":\"Organization\",\"@id\":\"https:\\\/\\\/www.cdu-fraktion-hamburg-mitte.de\\\/cms\\\/#organization\",\"name\":\"CDU-B\u00fcrgerschaftsfraktion Hamburg\",\"url\":\"https:\\\/\\\/www.cdu-fraktion-hamburg-mitte.de\\\/cms\\\/\",\"logo\":{\"@type\":\"ImageObject\",\"inLanguage\":\"de\",\"@id\":\"https:\\\/\\\/www.cdu-fraktion-hamburg-mitte.de\\\/cms\\\/#\\\/schema\\\/logo\\\/image\\\/\",\"url\":\"\",\"contentUrl\":\"\",\"caption\":\"CDU-B\u00fcrgerschaftsfraktion Hamburg\"},\"image\":{\"@id\":\"https:\\\/\\\/www.cdu-fraktion-hamburg-mitte.de\\\/cms\\\/#\\\/schema\\\/logo\\\/image\\\/\"}}]}<\/script>\n<!-- \/ Yoast SEO plugin. -->","yoast_head_json":{"title":"Impressum &#8226; CDU-Bezirksfraktion Hamburg-Mitte","robots":{"index":"index","follow":"follow","max-snippet":"max-snippet:-1","max-image-preview":"max-image-preview:large","max-video-preview":"max-video-preview:-1"},"canonical":"https:\/\/www.cdu-fraktion-hamburg-mitte.de\/cms\/impressum\/","og_locale":"de_DE","og_type":"article","og_title":"Impressum &#8226; CDU-Bezirksfraktion Hamburg-Mitte","og_description":"F\u00fcr diese Website verantwortlicher Herausgeber: CDU-Bezirksfraktion Hamburg-MittePlan 620095 Hamburg vertreten durch Herrn Dr. Gunther B\u00f6ttcher. Inhaltlich Verantwortlicher gem\u00e4\u00df \u00a7 6 MDStV istHerr Dr. Gunther B\u00f6ttcher. Sie erreichen uns wie folgt:Telefon: 040 \/ 326 352Telefax: 040 \/ 326 442E-Mail: info@cdu-fraktion-hamburg-mitte.de Angaben laut deutschem Teledienstgesetz Rechtshinweise \/ Haftungsausschluss \/ NutzungsbedingungenDiese Internet\u2013Pr\u00e4senz wurde&hellip;","og_url":"https:\/\/www.cdu-fraktion-hamburg-mitte.de\/cms\/impressum\/","og_site_name":"CDU-Bezirksfraktion Hamburg-Mitte","article_modified_time":"2023-11-26T13:48:46+00:00","twitter_card":"summary_large_image","twitter_misc":{"Gesch\u00e4tzte Lesezeit":"3\u00a0Minuten"},"schema":{"@context":"https:\/\/schema.org","@graph":[{"@type":"WebPage","@id":"https:\/\/www.cdu-fraktion-hamburg-mitte.de\/cms\/impressum\/","url":"https:\/\/www.cdu-fraktion-hamburg-mitte.de\/cms\/impressum\/","name":"Impressum &#8226; CDU-Bezirksfraktion Hamburg-Mitte","isPartOf":{"@id":"https:\/\/www.cdu-fraktion-hamburg-mitte.de\/cms\/#website"},"datePublished":"2020-05-24T14:50:58+00:00","dateModified":"2023-11-26T13:48:46+00:00","breadcrumb":{"@id":"https:\/\/www.cdu-fraktion-hamburg-mitte.de\/cms\/impressum\/#breadcrumb"},"inLanguage":"de","potentialAction":[{"@type":"ReadAction","target":["https:\/\/www.cdu-fraktion-hamburg-mitte.de\/cms\/impressum\/"]}]},{"@type":"BreadcrumbList","@id":"https:\/\/www.cdu-fraktion-hamburg-mitte.de\/cms\/impressum\/#breadcrumb","itemListElement":[{"@type":"ListItem","position":1,"name":"Startseite","item":"https:\/\/www.cdu-fraktion-hamburg-mitte.de\/cms\/"},{"@type":"ListItem","position":2,"name":"Impressum"}]},{"@type":"WebSite","@id":"https:\/\/www.cdu-fraktion-hamburg-mitte.de\/cms\/#website","url":"https:\/\/www.cdu-fraktion-hamburg-mitte.de\/cms\/","name":"CDU-Bezirksfraktion Hamburg-Mitte","description":"Politik in der Bezirksversammlung Hamburg-Mitte","publisher":{"@id":"https:\/\/www.cdu-fraktion-hamburg-mitte.de\/cms\/#organization"},"potentialAction":[{"@type":"SearchAction","target":{"@type":"EntryPoint","urlTemplate":"https:\/\/www.cdu-fraktion-hamburg-mitte.de\/cms\/?s={search_term_string}"},"query-input":{"@type":"PropertyValueSpecification","valueRequired":true,"valueName":"search_term_string"}}],"inLanguage":"de"},{"@type":"Organization","@id":"https:\/\/www.cdu-fraktion-hamburg-mitte.de\/cms\/#organization","name":"CDU-B\u00fcrgerschaftsfraktion Hamburg","url":"https:\/\/www.cdu-fraktion-hamburg-mitte.de\/cms\/","logo":{"@type":"ImageObject","inLanguage":"de","@id":"https:\/\/www.cdu-fraktion-hamburg-mitte.de\/cms\/#\/schema\/logo\/image\/","url":"","contentUrl":"","caption":"CDU-B\u00fcrgerschaftsfraktion Hamburg"},"image":{"@id":"https:\/\/www.cdu-fraktion-hamburg-mitte.de\/cms\/#\/schema\/logo\/image\/"}}]}},"_links":{"self":[{"href":"https:\/\/www.cdu-fraktion-hamburg-mitte.de\/cms\/wp-json\/wp\/v2\/pages\/3237","targetHints":{"allow":["GET"]}}],"collection":[{"href":"https:\/\/www.cdu-fraktion-hamburg-mitte.de\/cms\/wp-json\/wp\/v2\/pages"}],"about":[{"href":"https:\/\/www.cdu-fraktion-hamburg-mitte.de\/cms\/wp-json\/wp\/v2\/types\/page"}],"author":[{"embeddable":true,"href":"https:\/\/www.cdu-fraktion-hamburg-mitte.de\/cms\/wp-json\/wp\/v2\/users\/1"}],"replies":[{"embeddable":true,"href":"https:\/\/www.cdu-fraktion-hamburg-mitte.de\/cms\/wp-json\/wp\/v2\/comments?post=3237"}],"version-history":[{"count":6,"href":"https:\/\/www.cdu-fraktion-hamburg-mitte.de\/cms\/wp-json\/wp\/v2\/pages\/3237\/revisions"}],"predecessor-version":[{"id":13352,"href":"https:\/\/www.cdu-fraktion-hamburg-mitte.de\/cms\/wp-json\/wp\/v2\/pages\/3237\/revisions\/13352"}],"wp:attachment":[{"href":"https:\/\/www.cdu-fraktion-hamburg-mitte.de\/cms\/wp-json\/wp\/v2\/media?parent=3237"}],"curies":[{"name":"wp","href":"https:\/\/api.w.org\/{rel}","templated":true}]}}